{"id":4288,"date":"2019-08-10T17:57:18","date_gmt":"2019-08-10T17:57:18","guid":{"rendered":"https:\/\/ncte.com\/medizin\/"},"modified":"2022-05-16T07:56:53","modified_gmt":"2022-05-16T07:56:53","slug":"%e5%8c%bb%e7%96%97%e5%99%a8%e6%a2%b0","status":"publish","type":"page","link":"https:\/\/ncte.com\/zh-hans\/%e5%8c%bb%e7%96%97%e5%99%a8%e6%a2%b0\/","title":{"rendered":"\u533b\u7597\u5668\u68b0"},"content":{"rendered":"","protected":false},"excerpt":{"rendered":"","protected":false},"author":21,"featured_media":0,"parent":0,"menu_order":0,"comment_status":"closed","ping_status":"closed","template":"page-pagebuilder.php","meta":{"_acf_changed":false,"footnotes":"","_links_to":"","_links_to_target":""},"class_list":["post-4288","page","type-page","status-publish","hentry"],"yoast_head":"<!-- This site is optimized with the Yoast SEO plugin v27.3 - https:\/\/yoast.com\/product\/yoast-seo-wordpress\/ -->\n<title>\u533b\u7597\u5668\u68b0 - NCTE<\/title>\n<meta name=\"description\" content=\"NCTE-Sensoren erf\u00fcllen die hohen Qualit\u00e4tsstandards an Medizin-Technologie. Wir bieten Produkte f\u00fcr h\u00f6chste Patientensicherheit.\" \/>\n<meta name=\"robots\" content=\"index, follow, max-snippet:-1, max-image-preview:large, max-video-preview:-1\" \/>\n<link rel=\"canonical\" href=\"https:\/\/ncte.com\/zh-hans\/\u533b\u7597\u5668\u68b0\/\" \/>\n<meta property=\"og:locale\" content=\"zh_CN\" \/>\n<meta property=\"og:type\" content=\"article\" \/>\n<meta property=\"og:title\" content=\"\u533b\u7597\u5668\u68b0 - NCTE\" \/>\n<meta property=\"og:description\" content=\"NCTE-Sensoren erf\u00fcllen die hohen Qualit\u00e4tsstandards an Medizin-Technologie. Wir bieten Produkte f\u00fcr h\u00f6chste Patientensicherheit.\" \/>\n<meta property=\"og:url\" content=\"https:\/\/ncte.com\/zh-hans\/\u533b\u7597\u5668\u68b0\/\" \/>\n<meta property=\"og:site_name\" content=\"NCTE\" \/>\n<meta property=\"article:modified_time\" content=\"2022-05-16T07:56:53+00:00\" \/>\n<meta name=\"twitter:card\" content=\"summary_large_image\" \/>\n<!-- \/ Yoast SEO plugin. -->","yoast_head_json":{"title":"\u533b\u7597\u5668\u68b0 - NCTE","description":"NCTE-Sensoren erf\u00fcllen die hohen Qualit\u00e4tsstandards an Medizin-Technologie. Wir bieten Produkte f\u00fcr h\u00f6chste Patientensicherheit.","robots":{"index":"index","follow":"follow","max-snippet":"max-snippet:-1","max-image-preview":"max-image-preview:large","max-video-preview":"max-video-preview:-1"},"canonical":"https:\/\/ncte.com\/zh-hans\/\u533b\u7597\u5668\u68b0\/","og_locale":"zh_CN","og_type":"article","og_title":"\u533b\u7597\u5668\u68b0 - NCTE","og_description":"NCTE-Sensoren erf\u00fcllen die hohen Qualit\u00e4tsstandards an Medizin-Technologie. Wir bieten Produkte f\u00fcr h\u00f6chste Patientensicherheit.","og_url":"https:\/\/ncte.com\/zh-hans\/\u533b\u7597\u5668\u68b0\/","og_site_name":"NCTE","article_modified_time":"2022-05-16T07:56:53+00:00","twitter_card":"summary_large_image","schema":{"@context":"https:\/\/schema.org","@graph":[{"@type":"WebPage","@id":"https:\/\/ncte.com\/zh-hans\/%e5%8c%bb%e7%96%97%e5%99%a8%e6%a2%b0\/","url":"https:\/\/ncte.com\/zh-hans\/%e5%8c%bb%e7%96%97%e5%99%a8%e6%a2%b0\/","name":"\u533b\u7597\u5668\u68b0 - NCTE","isPartOf":{"@id":"https:\/\/ncte.com\/zh-hans\/#website"},"datePublished":"2019-08-10T17:57:18+00:00","dateModified":"2022-05-16T07:56:53+00:00","description":"NCTE-Sensoren erf\u00fcllen die hohen Qualit\u00e4tsstandards an Medizin-Technologie. Wir bieten Produkte f\u00fcr h\u00f6chste Patientensicherheit.","breadcrumb":{"@id":"https:\/\/ncte.com\/zh-hans\/%e5%8c%bb%e7%96%97%e5%99%a8%e6%a2%b0\/#breadcrumb"},"inLanguage":"zh-Hans","potentialAction":[{"@type":"ReadAction","target":["https:\/\/ncte.com\/zh-hans\/%e5%8c%bb%e7%96%97%e5%99%a8%e6%a2%b0\/"]}]},{"@type":"BreadcrumbList","@id":"https:\/\/ncte.com\/zh-hans\/%e5%8c%bb%e7%96%97%e5%99%a8%e6%a2%b0\/#breadcrumb","itemListElement":[{"@type":"ListItem","position":1,"name":"Home","item":"https:\/\/ncte.com\/zh-hans\/"},{"@type":"ListItem","position":2,"name":"\u533b\u7597\u5668\u68b0"}]},{"@type":"WebSite","@id":"https:\/\/ncte.com\/zh-hans\/#website","url":"https:\/\/ncte.com\/zh-hans\/","name":"NCTE","description":"","inLanguage":"zh-Hans"}]}},"acf":[],"_links":{"self":[{"href":"https:\/\/ncte.com\/zh-hans\/wp-json\/wp\/v2\/pages\/4288","targetHints":{"allow":["GET"]}}],"collection":[{"href":"https:\/\/ncte.com\/zh-hans\/wp-json\/wp\/v2\/pages"}],"about":[{"href":"https:\/\/ncte.com\/zh-hans\/wp-json\/wp\/v2\/types\/page"}],"author":[{"embeddable":true,"href":"https:\/\/ncte.com\/zh-hans\/wp-json\/wp\/v2\/users\/21"}],"replies":[{"embeddable":true,"href":"https:\/\/ncte.com\/zh-hans\/wp-json\/wp\/v2\/comments?post=4288"}],"version-history":[{"count":6,"href":"https:\/\/ncte.com\/zh-hans\/wp-json\/wp\/v2\/pages\/4288\/revisions"}],"predecessor-version":[{"id":4711,"href":"https:\/\/ncte.com\/zh-hans\/wp-json\/wp\/v2\/pages\/4288\/revisions\/4711"}],"wp:attachment":[{"href":"https:\/\/ncte.com\/zh-hans\/wp-json\/wp\/v2\/media?parent=4288"}],"curies":[{"name":"wp","href":"https:\/\/api.w.org\/{rel}","templated":true}]}}