{"id":4300,"date":"2019-08-22T08:18:49","date_gmt":"2019-08-22T08:18:49","guid":{"rendered":"https:\/\/ncte.com\/service\/"},"modified":"2022-05-16T09:15:51","modified_gmt":"2022-05-16T09:15:51","slug":"%e4%b8%9a%e5%8a%a1","status":"publish","type":"page","link":"https:\/\/ncte.com\/zh-hans\/%e4%b8%9a%e5%8a%a1\/","title":{"rendered":"\u4e1a\u52a1"},"content":{"rendered":"","protected":false},"excerpt":{"rendered":"","protected":false},"author":21,"featured_media":0,"parent":0,"menu_order":0,"comment_status":"closed","ping_status":"closed","template":"page-pagebuilder.php","meta":{"_acf_changed":false,"footnotes":"","_links_to":"","_links_to_target":""},"class_list":["post-4300","page","type-page","status-publish","hentry"],"yoast_head":"<!-- This site is optimized with the Yoast SEO plugin v27.3 - https:\/\/yoast.com\/product\/yoast-seo-wordpress\/ -->\n<title>\u4e1a\u52a1 - NCTE<\/title>\n<meta name=\"description\" content=\"Wir testen unsere Sensoren auf unseren modernen Pr\u00fcfst\u00e4nden intensiv und k\u00f6nnen alle Ihre Sensor-Typen und -Fabrikate kalibrieren.\" \/>\n<meta name=\"robots\" content=\"index, follow, max-snippet:-1, max-image-preview:large, max-video-preview:-1\" \/>\n<link rel=\"canonical\" href=\"https:\/\/ncte.com\/zh-hans\/\u4e1a\u52a1\/\" \/>\n<meta property=\"og:locale\" content=\"zh_CN\" \/>\n<meta property=\"og:type\" content=\"article\" \/>\n<meta property=\"og:title\" content=\"\u4e1a\u52a1 - NCTE\" \/>\n<meta property=\"og:description\" content=\"Wir testen unsere Sensoren auf unseren modernen Pr\u00fcfst\u00e4nden intensiv und k\u00f6nnen alle Ihre Sensor-Typen und -Fabrikate kalibrieren.\" \/>\n<meta property=\"og:url\" content=\"https:\/\/ncte.com\/zh-hans\/\u4e1a\u52a1\/\" \/>\n<meta property=\"og:site_name\" content=\"NCTE\" \/>\n<meta property=\"article:modified_time\" content=\"2022-05-16T09:15:51+00:00\" \/>\n<meta name=\"twitter:card\" content=\"summary_large_image\" \/>\n<!-- \/ Yoast SEO plugin. -->","yoast_head_json":{"title":"\u4e1a\u52a1 - NCTE","description":"Wir testen unsere Sensoren auf unseren modernen Pr\u00fcfst\u00e4nden intensiv und k\u00f6nnen alle Ihre Sensor-Typen und -Fabrikate kalibrieren.","robots":{"index":"index","follow":"follow","max-snippet":"max-snippet:-1","max-image-preview":"max-image-preview:large","max-video-preview":"max-video-preview:-1"},"canonical":"https:\/\/ncte.com\/zh-hans\/\u4e1a\u52a1\/","og_locale":"zh_CN","og_type":"article","og_title":"\u4e1a\u52a1 - NCTE","og_description":"Wir testen unsere Sensoren auf unseren modernen Pr\u00fcfst\u00e4nden intensiv und k\u00f6nnen alle Ihre Sensor-Typen und -Fabrikate kalibrieren.","og_url":"https:\/\/ncte.com\/zh-hans\/\u4e1a\u52a1\/","og_site_name":"NCTE","article_modified_time":"2022-05-16T09:15:51+00:00","twitter_card":"summary_large_image","schema":{"@context":"https:\/\/schema.org","@graph":[{"@type":"WebPage","@id":"https:\/\/ncte.com\/zh-hans\/%e4%b8%9a%e5%8a%a1\/","url":"https:\/\/ncte.com\/zh-hans\/%e4%b8%9a%e5%8a%a1\/","name":"\u4e1a\u52a1 - NCTE","isPartOf":{"@id":"https:\/\/ncte.com\/zh-hans\/#website"},"datePublished":"2019-08-22T08:18:49+00:00","dateModified":"2022-05-16T09:15:51+00:00","description":"Wir testen unsere Sensoren auf unseren modernen Pr\u00fcfst\u00e4nden intensiv und k\u00f6nnen alle Ihre Sensor-Typen und -Fabrikate kalibrieren.","breadcrumb":{"@id":"https:\/\/ncte.com\/zh-hans\/%e4%b8%9a%e5%8a%a1\/#breadcrumb"},"inLanguage":"zh-Hans","potentialAction":[{"@type":"ReadAction","target":["https:\/\/ncte.com\/zh-hans\/%e4%b8%9a%e5%8a%a1\/"]}]},{"@type":"BreadcrumbList","@id":"https:\/\/ncte.com\/zh-hans\/%e4%b8%9a%e5%8a%a1\/#breadcrumb","itemListElement":[{"@type":"ListItem","position":1,"name":"Home","item":"https:\/\/ncte.com\/zh-hans\/"},{"@type":"ListItem","position":2,"name":"\u4e1a\u52a1"}]},{"@type":"WebSite","@id":"https:\/\/ncte.com\/zh-hans\/#website","url":"https:\/\/ncte.com\/zh-hans\/","name":"NCTE","description":"","inLanguage":"zh-Hans"}]}},"acf":[],"_links":{"self":[{"href":"https:\/\/ncte.com\/zh-hans\/wp-json\/wp\/v2\/pages\/4300","targetHints":{"allow":["GET"]}}],"collection":[{"href":"https:\/\/ncte.com\/zh-hans\/wp-json\/wp\/v2\/pages"}],"about":[{"href":"https:\/\/ncte.com\/zh-hans\/wp-json\/wp\/v2\/types\/page"}],"author":[{"embeddable":true,"href":"https:\/\/ncte.com\/zh-hans\/wp-json\/wp\/v2\/users\/21"}],"replies":[{"embeddable":true,"href":"https:\/\/ncte.com\/zh-hans\/wp-json\/wp\/v2\/comments?post=4300"}],"version-history":[{"count":6,"href":"https:\/\/ncte.com\/zh-hans\/wp-json\/wp\/v2\/pages\/4300\/revisions"}],"predecessor-version":[{"id":4734,"href":"https:\/\/ncte.com\/zh-hans\/wp-json\/wp\/v2\/pages\/4300\/revisions\/4734"}],"wp:attachment":[{"href":"https:\/\/ncte.com\/zh-hans\/wp-json\/wp\/v2\/media?parent=4300"}],"curies":[{"name":"wp","href":"https:\/\/api.w.org\/{rel}","templated":true}]}}