{"id":4306,"date":"2019-08-22T15:49:47","date_gmt":"2019-08-22T15:49:47","guid":{"rendered":"https:\/\/ncte.com\/serienprodukte\/"},"modified":"2022-09-05T06:57:01","modified_gmt":"2022-09-05T06:57:01","slug":"%e7%b3%bb%e5%88%97%e4%ba%a7%e5%93%81","status":"publish","type":"page","link":"https:\/\/ncte.com\/zh-hans\/%e7%b3%bb%e5%88%97%e4%ba%a7%e5%93%81\/","title":{"rendered":"\u7cfb\u5217\u4ea7\u54c1"},"content":{"rendered":"","protected":false},"excerpt":{"rendered":"","protected":false},"author":21,"featured_media":0,"parent":0,"menu_order":0,"comment_status":"closed","ping_status":"closed","template":"page-pagebuilder.php","meta":{"_acf_changed":false,"footnotes":"","_links_to":"","_links_to_target":""},"class_list":["post-4306","page","type-page","status-publish","hentry"],"yoast_head":"<!-- This site is optimized with the Yoast SEO plugin v27.3 - https:\/\/yoast.com\/product\/yoast-seo-wordpress\/ -->\n<title>\u7cfb\u5217\u4ea7\u54c1 - NCTE<\/title>\n<meta name=\"description\" content=\"Unsere Serien-Sensoren k\u00f6nnen von Pr\u00fcfst\u00e4nden \u00fcber Medizintechnik bis zu komplexen Industrieprodukten \u00fcberall eingesetzt werden.\" \/>\n<meta name=\"robots\" content=\"index, follow, max-snippet:-1, max-image-preview:large, max-video-preview:-1\" \/>\n<link rel=\"canonical\" href=\"https:\/\/ncte.com\/zh-hans\/\u7cfb\u5217\u4ea7\u54c1\/\" \/>\n<meta property=\"og:locale\" content=\"zh_CN\" \/>\n<meta property=\"og:type\" content=\"article\" \/>\n<meta property=\"og:title\" content=\"\u7cfb\u5217\u4ea7\u54c1 - NCTE\" \/>\n<meta property=\"og:description\" content=\"Unsere Serien-Sensoren k\u00f6nnen von Pr\u00fcfst\u00e4nden \u00fcber Medizintechnik bis zu komplexen Industrieprodukten \u00fcberall eingesetzt werden.\" \/>\n<meta property=\"og:url\" content=\"https:\/\/ncte.com\/zh-hans\/\u7cfb\u5217\u4ea7\u54c1\/\" \/>\n<meta property=\"og:site_name\" content=\"NCTE\" \/>\n<meta property=\"article:modified_time\" content=\"2022-09-05T06:57:01+00:00\" \/>\n<meta name=\"twitter:card\" content=\"summary_large_image\" \/>\n<!-- \/ Yoast SEO plugin. -->","yoast_head_json":{"title":"\u7cfb\u5217\u4ea7\u54c1 - NCTE","description":"Unsere Serien-Sensoren k\u00f6nnen von Pr\u00fcfst\u00e4nden \u00fcber Medizintechnik bis zu komplexen Industrieprodukten \u00fcberall eingesetzt werden.","robots":{"index":"index","follow":"follow","max-snippet":"max-snippet:-1","max-image-preview":"max-image-preview:large","max-video-preview":"max-video-preview:-1"},"canonical":"https:\/\/ncte.com\/zh-hans\/\u7cfb\u5217\u4ea7\u54c1\/","og_locale":"zh_CN","og_type":"article","og_title":"\u7cfb\u5217\u4ea7\u54c1 - NCTE","og_description":"Unsere Serien-Sensoren k\u00f6nnen von Pr\u00fcfst\u00e4nden \u00fcber Medizintechnik bis zu komplexen Industrieprodukten \u00fcberall eingesetzt werden.","og_url":"https:\/\/ncte.com\/zh-hans\/\u7cfb\u5217\u4ea7\u54c1\/","og_site_name":"NCTE","article_modified_time":"2022-09-05T06:57:01+00:00","twitter_card":"summary_large_image","schema":{"@context":"https:\/\/schema.org","@graph":[{"@type":"WebPage","@id":"https:\/\/ncte.com\/zh-hans\/%e7%b3%bb%e5%88%97%e4%ba%a7%e5%93%81\/","url":"https:\/\/ncte.com\/zh-hans\/%e7%b3%bb%e5%88%97%e4%ba%a7%e5%93%81\/","name":"\u7cfb\u5217\u4ea7\u54c1 - NCTE","isPartOf":{"@id":"https:\/\/ncte.com\/zh-hans\/#website"},"datePublished":"2019-08-22T15:49:47+00:00","dateModified":"2022-09-05T06:57:01+00:00","description":"Unsere Serien-Sensoren k\u00f6nnen von Pr\u00fcfst\u00e4nden \u00fcber Medizintechnik bis zu komplexen Industrieprodukten \u00fcberall eingesetzt werden.","breadcrumb":{"@id":"https:\/\/ncte.com\/zh-hans\/%e7%b3%bb%e5%88%97%e4%ba%a7%e5%93%81\/#breadcrumb"},"inLanguage":"zh-Hans","potentialAction":[{"@type":"ReadAction","target":["https:\/\/ncte.com\/zh-hans\/%e7%b3%bb%e5%88%97%e4%ba%a7%e5%93%81\/"]}]},{"@type":"BreadcrumbList","@id":"https:\/\/ncte.com\/zh-hans\/%e7%b3%bb%e5%88%97%e4%ba%a7%e5%93%81\/#breadcrumb","itemListElement":[{"@type":"ListItem","position":1,"name":"Home","item":"https:\/\/ncte.com\/zh-hans\/"},{"@type":"ListItem","position":2,"name":"\u7cfb\u5217\u4ea7\u54c1"}]},{"@type":"WebSite","@id":"https:\/\/ncte.com\/zh-hans\/#website","url":"https:\/\/ncte.com\/zh-hans\/","name":"NCTE","description":"","inLanguage":"zh-Hans"}]}},"acf":[],"_links":{"self":[{"href":"https:\/\/ncte.com\/zh-hans\/wp-json\/wp\/v2\/pages\/4306","targetHints":{"allow":["GET"]}}],"collection":[{"href":"https:\/\/ncte.com\/zh-hans\/wp-json\/wp\/v2\/pages"}],"about":[{"href":"https:\/\/ncte.com\/zh-hans\/wp-json\/wp\/v2\/types\/page"}],"author":[{"embeddable":true,"href":"https:\/\/ncte.com\/zh-hans\/wp-json\/wp\/v2\/users\/21"}],"replies":[{"embeddable":true,"href":"https:\/\/ncte.com\/zh-hans\/wp-json\/wp\/v2\/comments?post=4306"}],"version-history":[{"count":25,"href":"https:\/\/ncte.com\/zh-hans\/wp-json\/wp\/v2\/pages\/4306\/revisions"}],"predecessor-version":[{"id":5064,"href":"https:\/\/ncte.com\/zh-hans\/wp-json\/wp\/v2\/pages\/4306\/revisions\/5064"}],"wp:attachment":[{"href":"https:\/\/ncte.com\/zh-hans\/wp-json\/wp\/v2\/media?parent=4306"}],"curies":[{"name":"wp","href":"https:\/\/api.w.org\/{rel}","templated":true}]}}