{"id":4541,"date":"2019-08-10T17:55:26","date_gmt":"2019-08-10T17:55:26","guid":{"rendered":"https:\/\/ncte.com\/luftfahrt\/"},"modified":"2022-05-25T10:35:23","modified_gmt":"2022-05-25T10:35:23","slug":"%e8%88%aa%e7%a9%ba%e4%b8%9a","status":"publish","type":"page","link":"https:\/\/ncte.com\/zh-hans\/%e8%88%aa%e7%a9%ba%e4%b8%9a\/","title":{"rendered":"\u822a\u7a7a\u4e1a"},"content":{"rendered":"","protected":false},"excerpt":{"rendered":"","protected":false},"author":21,"featured_media":0,"parent":0,"menu_order":0,"comment_status":"closed","ping_status":"closed","template":"page-pagebuilder.php","meta":{"_acf_changed":false,"footnotes":"","_links_to":"","_links_to_target":""},"class_list":["post-4541","page","type-page","status-publish","hentry"],"yoast_head":"<!-- This site is optimized with the Yoast SEO plugin v27.3 - https:\/\/yoast.com\/product\/yoast-seo-wordpress\/ -->\n<title>\u822a\u7a7a\u4e1a - NCTE<\/title>\n<meta name=\"description\" content=\"Sehr leicht und auch \u00fcber lange Zeitr\u00e4ume extrem zuverl\u00e4ssig: Unsere Sensoren sind ideal f\u00fcr Flugzeuge und Hubschrauber geeignet.\" \/>\n<meta name=\"robots\" content=\"index, follow, max-snippet:-1, max-image-preview:large, max-video-preview:-1\" \/>\n<link rel=\"canonical\" href=\"https:\/\/ncte.com\/zh-hans\/\u822a\u7a7a\u4e1a\/\" \/>\n<meta property=\"og:locale\" content=\"zh_CN\" \/>\n<meta property=\"og:type\" content=\"article\" \/>\n<meta property=\"og:title\" content=\"\u822a\u7a7a\u4e1a - NCTE\" \/>\n<meta property=\"og:description\" content=\"Sehr leicht und auch \u00fcber lange Zeitr\u00e4ume extrem zuverl\u00e4ssig: Unsere Sensoren sind ideal f\u00fcr Flugzeuge und Hubschrauber geeignet.\" \/>\n<meta property=\"og:url\" content=\"https:\/\/ncte.com\/zh-hans\/\u822a\u7a7a\u4e1a\/\" \/>\n<meta property=\"og:site_name\" content=\"NCTE\" \/>\n<meta property=\"article:modified_time\" content=\"2022-05-25T10:35:23+00:00\" \/>\n<meta name=\"twitter:card\" content=\"summary_large_image\" \/>\n<!-- \/ Yoast SEO plugin. -->","yoast_head_json":{"title":"\u822a\u7a7a\u4e1a - NCTE","description":"Sehr leicht und auch \u00fcber lange Zeitr\u00e4ume extrem zuverl\u00e4ssig: Unsere Sensoren sind ideal f\u00fcr Flugzeuge und Hubschrauber geeignet.","robots":{"index":"index","follow":"follow","max-snippet":"max-snippet:-1","max-image-preview":"max-image-preview:large","max-video-preview":"max-video-preview:-1"},"canonical":"https:\/\/ncte.com\/zh-hans\/\u822a\u7a7a\u4e1a\/","og_locale":"zh_CN","og_type":"article","og_title":"\u822a\u7a7a\u4e1a - NCTE","og_description":"Sehr leicht und auch \u00fcber lange Zeitr\u00e4ume extrem zuverl\u00e4ssig: Unsere Sensoren sind ideal f\u00fcr Flugzeuge und Hubschrauber geeignet.","og_url":"https:\/\/ncte.com\/zh-hans\/\u822a\u7a7a\u4e1a\/","og_site_name":"NCTE","article_modified_time":"2022-05-25T10:35:23+00:00","twitter_card":"summary_large_image","schema":{"@context":"https:\/\/schema.org","@graph":[{"@type":"WebPage","@id":"https:\/\/ncte.com\/zh-hans\/%e8%88%aa%e7%a9%ba%e4%b8%9a\/","url":"https:\/\/ncte.com\/zh-hans\/%e8%88%aa%e7%a9%ba%e4%b8%9a\/","name":"\u822a\u7a7a\u4e1a - NCTE","isPartOf":{"@id":"https:\/\/ncte.com\/zh-hans\/#website"},"datePublished":"2019-08-10T17:55:26+00:00","dateModified":"2022-05-25T10:35:23+00:00","description":"Sehr leicht und auch \u00fcber lange Zeitr\u00e4ume extrem zuverl\u00e4ssig: Unsere Sensoren sind ideal f\u00fcr Flugzeuge und Hubschrauber geeignet.","breadcrumb":{"@id":"https:\/\/ncte.com\/zh-hans\/%e8%88%aa%e7%a9%ba%e4%b8%9a\/#breadcrumb"},"inLanguage":"zh-Hans","potentialAction":[{"@type":"ReadAction","target":["https:\/\/ncte.com\/zh-hans\/%e8%88%aa%e7%a9%ba%e4%b8%9a\/"]}]},{"@type":"BreadcrumbList","@id":"https:\/\/ncte.com\/zh-hans\/%e8%88%aa%e7%a9%ba%e4%b8%9a\/#breadcrumb","itemListElement":[{"@type":"ListItem","position":1,"name":"Home","item":"https:\/\/ncte.com\/zh-hans\/"},{"@type":"ListItem","position":2,"name":"\u822a\u7a7a\u4e1a"}]},{"@type":"WebSite","@id":"https:\/\/ncte.com\/zh-hans\/#website","url":"https:\/\/ncte.com\/zh-hans\/","name":"NCTE","description":"","inLanguage":"zh-Hans"}]}},"acf":[],"_links":{"self":[{"href":"https:\/\/ncte.com\/zh-hans\/wp-json\/wp\/v2\/pages\/4541","targetHints":{"allow":["GET"]}}],"collection":[{"href":"https:\/\/ncte.com\/zh-hans\/wp-json\/wp\/v2\/pages"}],"about":[{"href":"https:\/\/ncte.com\/zh-hans\/wp-json\/wp\/v2\/types\/page"}],"author":[{"embeddable":true,"href":"https:\/\/ncte.com\/zh-hans\/wp-json\/wp\/v2\/users\/21"}],"replies":[{"embeddable":true,"href":"https:\/\/ncte.com\/zh-hans\/wp-json\/wp\/v2\/comments?post=4541"}],"version-history":[{"count":5,"href":"https:\/\/ncte.com\/zh-hans\/wp-json\/wp\/v2\/pages\/4541\/revisions"}],"predecessor-version":[{"id":4795,"href":"https:\/\/ncte.com\/zh-hans\/wp-json\/wp\/v2\/pages\/4541\/revisions\/4795"}],"wp:attachment":[{"href":"https:\/\/ncte.com\/zh-hans\/wp-json\/wp\/v2\/media?parent=4541"}],"curies":[{"name":"wp","href":"https:\/\/api.w.org\/{rel}","templated":true}]}}